{"id":3485,"date":"2023-08-09T17:17:00","date_gmt":"2023-08-09T17:17:00","guid":{"rendered":"https:\/\/demomark.ee\/product\/%d0%bf%d1%80%d0%be%d0%bc%d1%8b%d1%88%d0%bb%d0%b5%d0%bd%d0%bd%d1%8b%d0%b5-%d0%b2%d1%8b%d1%81%d0%be%d0%ba%d0%be%d1%82%d0%b5%d0%bf%d0%bb%d0%be%d1%81%d1%82%d0%be%d0%b9%d0%ba%d0%b8%d0%b5-%d0%ba%d0%b5%d1%80\/"},"modified":"2023-09-29T08:08:41","modified_gmt":"2023-09-29T08:08:41","slug":"%d0%bf%d1%80%d0%be%d0%bc%d1%8b%d1%88%d0%bb%d0%b5%d0%bd%d0%bd%d0%be%d0%b5-%d0%b8%d1%81%d0%bf%d0%be%d0%bb%d1%8c%d0%b7%d0%be%d0%b2%d0%b0%d0%bd%d0%b8%d0%b5-%d0%b2%d1%8b%d1%81%d0%be%d0%ba%d0%b0%d1%8f","status":"publish","type":"product","link":"https:\/\/demomark.ee\/ru\/product\/%d0%bf%d1%80%d0%be%d0%bc%d1%8b%d1%88%d0%bb%d0%b5%d0%bd%d0%bd%d0%be%d0%b5-%d0%b8%d1%81%d0%bf%d0%be%d0%bb%d1%8c%d0%b7%d0%be%d0%b2%d0%b0%d0%bd%d0%b8%d0%b5-%d0%b2%d1%8b%d1%81%d0%be%d0%ba%d0%b0%d1%8f\/","title":{"rendered":"\u041f\u0440\u043e\u043c\u044b\u0448\u043b\u0435\u043d\u043d\u044b\u0435 \u0432\u044b\u0441\u043e\u043a\u043e\u0442\u0435\u043f\u043b\u043e\u0441\u0442\u043e\u0439\u043a\u0438\u0435 \u043a\u0435\u0440\u0430\u043c\u0438\u0447\u0435\u0441\u043a\u0438\u0435 \u0441\u043e\u0442\u044b"},"content":{"rendered":"<p>\u0421\u043e\u0442\u043e\u0432\u044b\u0439 \u043a\u0435\u0440\u0430\u043c\u0438\u0447\u0435\u0441\u043a\u0438\u0439 \u0440\u0435\u0433\u0435\u043d\u0435\u0440\u0430\u0442\u043e\u0440 \u043f\u043e\u0437\u0432\u043e\u043b\u044f\u0435\u0442 \u0441\u043d\u0438\u0437\u0438\u0442\u044c \u0442\u0435\u043f\u043b\u043e\u0432\u044b\u0435 \u043f\u043e\u0442\u0435\u0440\u0438 \u043e\u0442\u0445\u043e\u0434\u044f\u0449\u0438\u0445 \u0433\u0430\u0437\u043e\u0432, \u0443\u043b\u0443\u0447\u0448\u0438\u0442\u044c \u0443\u0441\u043b\u043e\u0432\u0438\u044f \u0441\u0436\u0438\u0433\u0430\u043d\u0438\u044f \u0442\u043e\u043f\u043b\u0438\u0432\u0430, \u0443\u043b\u0443\u0447\u0448\u0438\u0442\u044c \u0443\u0441\u043b\u043e\u0432\u0438\u044f \u0442\u0435\u043f\u043b\u043e\u043e\u0431\u043c\u0435\u043d\u0430 \u0432 \u043f\u0435\u0447\u0438, \u0441\u043d\u0438\u0437\u0438\u0442\u044c \u0432\u044b\u0431\u0440\u043e\u0441\u044b \u043e\u0442\u0445\u043e\u0434\u044f\u0449\u0438\u0445 \u0433\u0430\u0437\u043e\u0432 \u0442\u0435\u043f\u043b\u043e\u0432\u043e\u0433\u043e \u043e\u0431\u043e\u0440\u0443\u0434\u043e\u0432\u0430\u043d\u0438\u044f \u0438 \u0432\u044b\u0431\u0440\u043e\u0441\u044b \u0432\u0440\u0435\u0434\u043d\u044b\u0445 \u0433\u0430\u0437\u043e\u0432.<\/p>\n<div class=\"ny_tit_xq\" data-scroll-reveal=\"enter bottom and move 100px over 1.33s  \">\n<div class=\"tit1\" style=\"text-align: center;\"><strong>\u0422\u0435\u0445\u043d\u0438\u0447\u0435\u0441\u043a\u0438\u0435 \u0434\u0430\u043d\u043d\u044b\u0435<\/strong><\/div>\n<\/div>\n<div class=\"text\"><\/div>\n<table align=\"center\" border=\"1\" cellpadding=\"0\" cellspacing=\"0\">\n<table style=\"height: 235px;\" border=\"1\" width=\"100%\" cellspacing=\"0\" cellpadding=\"0\">\n<tbody>\n<tr>\n<td rowspan=\"2\" style=\"width:132px;\">\u041d\u0435\u0434\u0432\u0438\u0436\u0438\u043c\u043e\u0441\u0442\u044c<\/td>\n<td colspan=\"4\" style=\"width:454px;\">\u041c\u0430\u0442\u0435\u0440\u0438\u0430\u043b<\/td>\n<\/tr>\n<tr>\n<td style=\"width:113px;\">\u041a\u043e\u0440\u0443\u043d\u0434 \u041c\u0443\u043b\u043b\u0438\u0442<\/td>\n<td style=\"width:113px;\">\u041c\u0443\u043b\u043b\u0438\u0442<\/td>\n<td style=\"width:113px;\">\u041a\u043e\u0440\u0434\u0438\u0435\u0440\u0438\u0442 \u043c\u0443\u043b\u043b\u0438\u0442<\/td>\n<td style=\"width:113px;\">\u041a\u043e\u0440\u0434\u0438\u0435\u0440\u0438\u0442<\/td>\n<\/tr>\n<tr>\n<td style=\"width:132px;\">\u041f\u0440\u043e\u0447\u043d\u043e\u0441\u0442\u044c \u043d\u0430 \u0441\u0436\u0430\u0442\u0438\u0435 \u041c\u041f\u0430<\/td>\n<td style=\"width:113px;\">\u041d\u0430\u043f\u0440\u0430\u0432\u043b\u0435\u043d\u0438\u0435 \u043e\u0441\u0438 C\u226520<br \/>\u041d\u0430\u043f\u0440\u0430\u0432\u043b\u0435\u043d\u0438\u0435 \u043e\u0441\u0438 A (B)\u22654<\/td>\n<td style=\"width:113px;\">\u041d\u0430\u043f\u0440\u0430\u0432\u043b\u0435\u043d\u0438\u0435 \u043e\u0441\u0438 C\u226520<br \/>\u041d\u0430\u043f\u0440\u0430\u0432\u043b\u0435\u043d\u0438\u0435 \u043e\u0441\u0438 A (B)\u22654<\/td>\n<td style=\"width:113px;\">\u041d\u0430\u043f\u0440\u0430\u0432\u043b\u0435\u043d\u0438\u0435 \u043e\u0441\u0438 C\u226520<br \/>\u041d\u0430\u043f\u0440\u0430\u0432\u043b\u0435\u043d\u0438\u0435 \u043e\u0441\u0438 A (B)\u22654<\/td>\n<td style=\"width:113px;\">\u041d\u0430\u043f\u0440\u0430\u0432\u043b\u0435\u043d\u0438\u0435 \u043e\u0441\u0438 C\u226520<br \/>\u041d\u0430\u043f\u0440\u0430\u0432\u043b\u0435\u043d\u0438\u0435 \u043e\u0441\u0438 A (B)\u22654<\/td>\n<\/tr>\n<tr>\n<td style=\"width:132px;\">\u041a\u0430\u0436\u0443\u0449\u0430\u044f\u0441\u044f \u043f\u043b\u043e\u0442\u043d\u043e\u0441\u0442\u044c <sup>\u0433\/\u0441\u043c3<\/sup><\/td>\n<td style=\"width:113px;\">\uff1e0.9<\/td>\n<td style=\"width:113px;\">0.6~1.1<\/td>\n<td style=\"width:113px;\">0.5~0.9<\/td>\n<td style=\"width:113px;\">0.4~0.8<\/td>\n<\/tr>\n<tr>\n<td style=\"width:132px;\">\u041a\u043e\u044d\u0444\u0444\u0438\u0446\u0438\u0435\u043d\u0442 \u0442\u0435\u043f\u043b\u043e\u0432\u043e\u0433\u043e \u0440\u0430\u0441\u0448\u0438\u0440\u0435\u043d\u0438\u044f<br \/>1\/\u2103<br \/>RT~800\u2103<\/td>\n<td style=\"width:113px;\"><sup>\u22646\u00d710-6<\/sup><\/td>\n<td style=\"width:113px;\">\u22645.<sup>5\u00d710-6<\/sup><\/td>\n<td style=\"width:113px;\"><sup>\u22643\u00d710-6<\/sup><\/td>\n<td style=\"width:113px;\">\u22642.<sup>5\u00d710-6<\/sup><\/td>\n<\/tr>\n<tr>\n<td style=\"width:132px;\">\u0422\u0435\u043c\u043f\u0435\u0440\u0430\u0442\u0443\u0440\u0430 \u0441\u043e\u043f\u0440\u043e\u0442\u0438\u0432\u043b\u0435\u043d\u0438\u044f \u0442\u0435\u043f\u043b\u043e\u0432\u043e\u043c\u0443 \u0443\u0434\u0430\u0440\u0443 \u2103<\/td>\n<td style=\"width:113px;\">\u2265300<\/td>\n<td style=\"width:113px;\">\u2265300<\/td>\n<td style=\"width:113px;\">\u2265400<\/td>\n<td style=\"width:113px;\">\u2265500<\/td>\n<\/tr>\n<tr>\n<td style=\"width:132px;\">\u0422\u0443\u0433\u043e\u043f\u043b\u0430\u0432\u043a\u043e\u0441\u0442\u044c \u043f\u043e\u0434 \u043d\u0430\u0433\u0440\u0443\u0437\u043a\u043e\u0439 \u2103 0,1 \u041c\u041f\u0430<\/td>\n<td style=\"width:113px;\">\u22651500<\/td>\n<td style=\"width:113px;\">\u22651450<\/td>\n<td style=\"width:113px;\">\u22651350<\/td>\n<td style=\"width:113px;\">\u22651250<\/td>\n<\/tr>\n<tr>\n<td style=\"width:132px;\">\u0423\u0434\u0435\u043b\u044c\u043d\u0430\u044f \u0442\u0435\u043f\u043b\u043e\u0435\u043c\u043a\u043e\u0441\u0442\u044c \u0414\u0436\/(\u043a\u0433-\u041a)<\/td>\n<td style=\"width:113px;\">\u2265800<\/td>\n<td style=\"width:113px;\">\u2265800<\/td>\n<td style=\"width:113px;\">\u2265750<\/td>\n<td style=\"width:113px;\">\u2265750<\/td>\n<\/tr>\n<tr>\n<td colspan=\"5\" style=\"width:586px;height:63px;\">\u0420\u0430\u0437\u043c\u0435\u0440: 100\u00d7100\u00d7100, 100\u00d7150\u00d7150, 150\u00d7150\u00d7150, 150\u00d7150\u00d7300 (\u043c\u043c)\uff1b\u041e\u0442\u0432\u0435\u0440\u0441\u0442\u0438\u0435: 25\u00d725, 40\u00d740, 43\u00d743, 50\u00d750, 60\u00d760\uff1b \u0422\u0438\u043f \u043e\u0442\u0432\u0435\u0440\u0441\u0442\u0438\u044f: \u043a\u0432\u0430\u0434\u0440\u0430\u0442, \u043f\u0440\u044f\u043c\u043e\u0443\u0433\u043e\u043b\u044c\u043d\u0438\u043a, \u043f\u0440\u0430\u0432\u0438\u043b\u044c\u043d\u044b\u0439 \u0448\u0435\u0441\u0442\u0438\u0443\u0433\u043e\u043b\u044c\u043d\u0438\u043a, \u043a\u0440\u0443\u0433, \u0442\u0440\u0435\u0443\u0433\u043e\u043b\u044c\u043d\u0438\u043a<\/td>\n<\/tr>\n<\/tbody>\n<\/table>\n","protected":false},"excerpt":{"rendered":"<p>\u0421\u043e\u0442\u043e\u0432\u044b\u0439 \u043a\u0435\u0440\u0430\u043c\u0438\u0447\u0435\u0441\u043a\u0438\u0439 \u0440\u0435\u0433\u0435\u043d\u0435\u0440\u0430\u0442\u043e\u0440 \u043f\u043e\u0437\u0432\u043e\u043b\u044f\u0435\u0442 \u0441\u043d\u0438\u0437\u0438\u0442\u044c \u0442\u0435\u043f\u043b\u043e\u0432\u044b\u0435 \u043f\u043e\u0442\u0435\u0440\u0438 \u043e\u0442\u0445\u043e\u0434\u044f\u0449\u0438\u0445 \u0433\u0430\u0437\u043e\u0432, \u0443\u043b\u0443\u0447\u0448\u0438\u0442\u044c \u0443\u0441\u043b\u043e\u0432\u0438\u044f \u0441\u0436\u0438\u0433\u0430\u043d\u0438\u044f \u0442\u043e\u043f\u043b\u0438\u0432\u0430, \u0443\u043b\u0443\u0447\u0448\u0438\u0442\u044c \u0443\u0441\u043b\u043e\u0432\u0438\u044f \u0442\u0435\u043f\u043b\u043e\u043e\u0431\u043c\u0435\u043d\u0430 \u0432 \u043f\u0435\u0447\u0438, \u0441\u043d\u0438\u0437\u0438\u0442\u044c \u0432\u044b\u0431\u0440\u043e\u0441\u044b \u043e\u0442\u0445\u043e\u0434\u044f\u0449\u0438\u0445 \u0433\u0430\u0437\u043e\u0432 \u0442\u0435\u043f\u043b\u043e\u0432\u043e\u0433\u043e [&hellip;]<\/p>\n","protected":false},"featured_media":3336,"template":"","meta":[],"product_brand":[],"product_cat":[55],"product_tag":[],"class_list":{"0":"post-3485","1":"product","2":"type-product","3":"status-publish","4":"has-post-thumbnail","6":"product_cat-55","8":"first","9":"instock","10":"shipping-taxable","11":"product-type-simple"},"_links":{"self":[{"href":"https:\/\/demomark.ee\/ru\/wp-json\/wp\/v2\/product\/3485","targetHints":{"allow":["GET"]}}],"collection":[{"href":"https:\/\/demomark.ee\/ru\/wp-json\/wp\/v2\/product"}],"about":[{"href":"https:\/\/demomark.ee\/ru\/wp-json\/wp\/v2\/types\/product"}],"wp:featuredmedia":[{"embeddable":true,"href":"https:\/\/demomark.ee\/ru\/wp-json\/wp\/v2\/media\/3336"}],"wp:attachment":[{"href":"https:\/\/demomark.ee\/ru\/wp-json\/wp\/v2\/media?parent=3485"}],"wp:term":[{"taxonomy":"product_brand","embeddable":true,"href":"https:\/\/demomark.ee\/ru\/wp-json\/wp\/v2\/product_brand?post=3485"},{"taxonomy":"product_cat","embeddable":true,"href":"https:\/\/demomark.ee\/ru\/wp-json\/wp\/v2\/product_cat?post=3485"},{"taxonomy":"product_tag","embeddable":true,"href":"https:\/\/demomark.ee\/ru\/wp-json\/wp\/v2\/product_tag?post=3485"}],"curies":[{"name":"wp","href":"https:\/\/api.w.org\/{rel}","templated":true}]}}